{"id":717,"date":"2022-05-06T16:05:33","date_gmt":"2022-05-06T14:05:33","guid":{"rendered":"https:\/\/tbitalia.followtheredpepper.it\/?page_id=717"},"modified":"2024-11-11T12:39:02","modified_gmt":"2024-11-11T10:39:02","slug":"formacion-profesional-al-exterior","status":"publish","type":"page","link":"https:\/\/www.tbitalia.org\/es\/formacion-profesional-al-exterior\/","title":{"rendered":"Formaci\u00f3n Profesional al Exterior"},"content":{"rendered":"<p><big>La entrenadora senior Indalecia Rohita Ziritt y el personal de Transformational Breath\u00ae Italia participan activamente en la difusi\u00f3n del proceso Transformational Breath\u00ae guiando y apoyando numerosos entrenamientos personales y profesionales. A continuaci\u00f3n se muestran los pr\u00f3ximos eventos fuera de Italia relacionados con la <strong>Formaci\u00f3n Profesional<\/strong>:<\/big><\/p>\n<p>&nbsp;<\/p>\n<ul>\n<li>Livello 4A &#8211; I Modulo &#8211; 10\/17 Novembre 2024 &#8211; Tavira, Portogallo &#8211; lena.younes@gmail.com<\/li>\n<li>Livello 4A &#8211; II Modulo (7gg) 2\/9 Dicembre&#8217; 24 &#8211; Konnisteen, Belgio &#8211; antoon@beingconnected.world<\/li>\n<li>Livello 4B &#8211; II Modulo &#8211; 15\/22 Dicembre 2024 &#8211; Tavira, Portogallo &#8211; lena.younes@gmail.com<\/li>\n<li><i><b>Module A &#8211; April 7\/15, 2025<\/b> &#8211; Bunsbeek, Belgio &#8211; <a class=\"ms-outlook-linkify\" href=\"http:\/\/www.beingconnected.world\">www.beingconnected.world<\/a> &#8211; Organizer &amp; Group Leader: \u00a0Antoon Walgrave<\/i><\/li>\n<li><i><b>Module A &#8211; October 1<span class=\"gmail_default\">8<\/span>\/2<span class=\"gmail_default\">5<\/span>, 2025 &#8211;<\/b> Tavira, Portugal &#8211; <a title=\"http:\/\/www.inbodhiyoga.com\" href=\"http:\/\/www.inbodhiyoga.com\" target=\"_blank\" rel=\"noopener\" data-outlook-id=\"ebaa8850-7f95-4e30-b00a-355b670dc816\">www.inbodhiyoga.com<\/a> &#8211; Organizer &amp; Group Leader: \u00a0Lena Younes<\/i><\/li>\n<li><i><b>Module B &#8211; November 2\/9, 2025\u00a0<\/b>&#8211; Bunsbeek, Belgio &#8211; <a class=\"ms-outlook-linkify\" href=\"http:\/\/www.beingconnected.world\">www.beingconnected.world<\/a> &#8211; Organizer &amp; Group Leader: \u00a0Antoon Walgrave<\/i><\/li>\n<\/ul>\n","protected":false},"excerpt":{"rendered":"<p>La entrenadora senior Indalecia Rohita Ziritt y el personal de Transformational Breath\u00ae Italia participan activamente en la difusi\u00f3n del proceso Transformational Breath\u00ae guiando y apoyando numerosos<span class=\"excerpt-hellip\"> [\u2026]<\/span><\/p>\n","protected":false},"author":1,"featured_media":0,"parent":0,"menu_order":0,"comment_status":"closed","ping_status":"closed","template":"","meta":{"footnotes":""},"class_list":["post-717","page","type-page","status-publish","hentry"],"_links":{"self":[{"href":"https:\/\/www.tbitalia.org\/es\/wp-json\/wp\/v2\/pages\/717","targetHints":{"allow":["GET"]}}],"collection":[{"href":"https:\/\/www.tbitalia.org\/es\/wp-json\/wp\/v2\/pages"}],"about":[{"href":"https:\/\/www.tbitalia.org\/es\/wp-json\/wp\/v2\/types\/page"}],"author":[{"embeddable":true,"href":"https:\/\/www.tbitalia.org\/es\/wp-json\/wp\/v2\/users\/1"}],"replies":[{"embeddable":true,"href":"https:\/\/www.tbitalia.org\/es\/wp-json\/wp\/v2\/comments?post=717"}],"version-history":[{"count":8,"href":"https:\/\/www.tbitalia.org\/es\/wp-json\/wp\/v2\/pages\/717\/revisions"}],"predecessor-version":[{"id":1170,"href":"https:\/\/www.tbitalia.org\/es\/wp-json\/wp\/v2\/pages\/717\/revisions\/1170"}],"wp:attachment":[{"href":"https:\/\/www.tbitalia.org\/es\/wp-json\/wp\/v2\/media?parent=717"}],"curies":[{"name":"wp","href":"https:\/\/api.w.org\/{rel}","templated":true}]}}