{"id":738,"date":"2022-05-06T16:05:33","date_gmt":"2022-05-06T14:05:33","guid":{"rendered":"https:\/\/www.tbitalia.org\/?page_id=738"},"modified":"2024-11-11T12:38:18","modified_gmt":"2024-11-11T10:38:18","slug":"formacion-personal-al-exterior","status":"publish","type":"page","link":"https:\/\/www.tbitalia.org\/es\/formacion-personal-al-exterior\/","title":{"rendered":"Formaci\u00f3n Personal al Exterior"},"content":{"rendered":"<p><big>La entrenadora senior Indalecia Rohita Ziritt y el personal de Transformational Breath\u00ae Italia participan activamente en la difusi\u00f3n del proceso Transformational Breath\u00ae guiando y apoyando numerosos entrenamientos personales y profesionales. A continuaci\u00f3n se muestran los pr\u00f3ximos eventos fuera de Italia relacionados con la <strong>Formaci\u00f3n Personal<\/strong>:<\/big><br \/>\n<big><\/big><\/p>\n<ul>\n<li><i><b>March 3\/9, 2025 &#8211; <\/b>Konnisteem, Belgio &#8211; <a class=\"ms-outlook-linkify\" href=\"http:\/\/www.beingconnected.world\">www.beingconnected.world<\/a> &#8211; Organizer &amp; Group Leader: \u00a0Antoon Walgrave\u00a0<\/i><\/li>\n<li><i><b>March 16\/21, 2025 &#8211; <\/b>Tavira, Portugal &#8211; <a title=\"http:\/\/www.inbodhiyoga.com\" href=\"http:\/\/www.inbodhiyoga.com\" target=\"_blank\" rel=\"noopener\" data-outlook-id=\"9520db46-881e-4a4c-964e-20e0dd3755e1\">www.inbodhiyoga.com<\/a> &#8211; Organizer &amp; Group Leader: \u00a0Lena Younes\u00a0<\/i><\/li>\n<li><i><b>March 23\/29, 2025 &#8211; <\/b>Mallorca, Spagna &#8211; Organizer &amp; Group Leader: \u00a0Cristina Poignie: \u00a0<a title=\"mailto:christinepoignie@icloud.com\" href=\"mailto:christinepoignie@icloud.com\" target=\"_blank\" rel=\"noopener\" data-outlook-id=\"226c9ac3-5b6d-469b-9d17-2d65f7da396a\">christinepoignie@icloud.com<\/a><\/i><\/li>\n<li><i><b>May 2<span class=\"gmail_default\">4<\/span>\/<span class=\"gmail_default\">30<\/span>, 2025 &#8211; <\/b>Tavira Portugal &#8211; <a title=\"http:\/\/www.inbodhiyoga.com\" href=\"http:\/\/www.inbodhiyoga.com\" target=\"_blank\" rel=\"noopener\" data-outlook-id=\"729bc5a7-675b-457d-b488-5cf4b689e160\">www.inbodhiyoga.com<\/a> &#8211; Organizer &amp; Group Leader: \u00a0Lena Younes<\/i><\/li>\n<li><i><b>June 15\/21, 2025 &#8211; <\/b>Konnisteem, Belgio &#8211; <a class=\"ms-outlook-linkify\" href=\"http:\/\/www.beingconnected.world\">www.beingconnected.world<\/a> &#8211; Organizer &amp; Group Leader: \u00a0Antoon Walgrave<\/i><\/li>\n<li><i><b>October 6\/12, 2025 &#8211;<\/b> Konnisteem, Belgio &#8211; <a class=\"ms-outlook-linkify\" href=\"http:\/\/www.beingconnected.world\">www.beingconnected.world<\/a> &#8211; Organizer &amp; Group Leader: \u00a0Antoon Walgrave\u00a0<\/i><\/li>\n<\/ul>\n","protected":false},"excerpt":{"rendered":"<p>La entrenadora senior Indalecia Rohita Ziritt y el personal de Transformational Breath\u00ae Italia participan activamente en la difusi\u00f3n del proceso Transformational Breath\u00ae guiando y apoyando numerosos<span class=\"excerpt-hellip\"> [\u2026]<\/span><\/p>\n","protected":false},"author":1,"featured_media":0,"parent":0,"menu_order":0,"comment_status":"closed","ping_status":"closed","template":"","meta":{"footnotes":""},"class_list":["post-738","page","type-page","status-publish","hentry"],"_links":{"self":[{"href":"https:\/\/www.tbitalia.org\/es\/wp-json\/wp\/v2\/pages\/738","targetHints":{"allow":["GET"]}}],"collection":[{"href":"https:\/\/www.tbitalia.org\/es\/wp-json\/wp\/v2\/pages"}],"about":[{"href":"https:\/\/www.tbitalia.org\/es\/wp-json\/wp\/v2\/types\/page"}],"author":[{"embeddable":true,"href":"https:\/\/www.tbitalia.org\/es\/wp-json\/wp\/v2\/users\/1"}],"replies":[{"embeddable":true,"href":"https:\/\/www.tbitalia.org\/es\/wp-json\/wp\/v2\/comments?post=738"}],"version-history":[{"count":9,"href":"https:\/\/www.tbitalia.org\/es\/wp-json\/wp\/v2\/pages\/738\/revisions"}],"predecessor-version":[{"id":1168,"href":"https:\/\/www.tbitalia.org\/es\/wp-json\/wp\/v2\/pages\/738\/revisions\/1168"}],"wp:attachment":[{"href":"https:\/\/www.tbitalia.org\/es\/wp-json\/wp\/v2\/media?parent=738"}],"curies":[{"name":"wp","href":"https:\/\/api.w.org\/{rel}","templated":true}]}}