{"id":746,"date":"2022-05-06T16:05:33","date_gmt":"2022-05-06T14:05:33","guid":{"rendered":"https:\/\/www.tbitalia.org\/?page_id=746"},"modified":"2022-12-08T17:13:15","modified_gmt":"2022-12-08T15:13:15","slug":"workshop-por-los-ninos","status":"publish","type":"page","link":"https:\/\/www.tbitalia.org\/es\/workshop-por-los-ninos\/","title":{"rendered":"Workshop por los ni\u00f1os"},"content":{"rendered":"<p><big>Contagiar el aliento en el mundo escolar es un gran desaf\u00edo y una inmensa alegr\u00eda. Los ni\u00f1os tienen derecho a ser espont\u00e1neos, a vivir su exuberancia expres\u00e1ndose para sentir y vivir su autenticidad. Los ni\u00f1os prestan atenci\u00f3n cuando se estimula y valora su inter\u00e9s.<\/big><\/p>\n<p>&nbsp;<\/p>\n<ul>\n<li><big>18 Febbraio 2023 &#8211; Bambini dai 6 a 11 anni &#8211; Belgio<\/big><\/li>\n<li><big>19 Febbraio 2023 &#8211; Ragazzi fino a 14 anni &#8211; Belgio<\/big><\/li>\n<\/ul>\n","protected":false},"excerpt":{"rendered":"<p>Contagiar el aliento en el mundo escolar es un gran desaf\u00edo y una inmensa alegr\u00eda. Los ni\u00f1os tienen derecho a ser espont\u00e1neos, a vivir su exuberancia<span class=\"excerpt-hellip\"> [\u2026]<\/span><\/p>\n","protected":false},"author":1,"featured_media":0,"parent":0,"menu_order":0,"comment_status":"closed","ping_status":"closed","template":"","meta":{"footnotes":""},"class_list":["post-746","page","type-page","status-publish","hentry"],"_links":{"self":[{"href":"https:\/\/www.tbitalia.org\/es\/wp-json\/wp\/v2\/pages\/746","targetHints":{"allow":["GET"]}}],"collection":[{"href":"https:\/\/www.tbitalia.org\/es\/wp-json\/wp\/v2\/pages"}],"about":[{"href":"https:\/\/www.tbitalia.org\/es\/wp-json\/wp\/v2\/types\/page"}],"author":[{"embeddable":true,"href":"https:\/\/www.tbitalia.org\/es\/wp-json\/wp\/v2\/users\/1"}],"replies":[{"embeddable":true,"href":"https:\/\/www.tbitalia.org\/es\/wp-json\/wp\/v2\/comments?post=746"}],"version-history":[{"count":4,"href":"https:\/\/www.tbitalia.org\/es\/wp-json\/wp\/v2\/pages\/746\/revisions"}],"predecessor-version":[{"id":1019,"href":"https:\/\/www.tbitalia.org\/es\/wp-json\/wp\/v2\/pages\/746\/revisions\/1019"}],"wp:attachment":[{"href":"https:\/\/www.tbitalia.org\/es\/wp-json\/wp\/v2\/media?parent=746"}],"curies":[{"name":"wp","href":"https:\/\/api.w.org\/{rel}","templated":true}]}}