{"id":752,"date":"2022-05-06T16:05:33","date_gmt":"2022-05-06T14:05:33","guid":{"rendered":"https:\/\/www.tbitalia.org\/?page_id=752"},"modified":"2022-12-08T17:18:17","modified_gmt":"2022-12-08T15:18:17","slug":"formacion-profesional-en-presencia","status":"publish","type":"page","link":"https:\/\/www.tbitalia.org\/es\/formacion-profesional-en-presencia\/","title":{"rendered":"Formaci\u00f3n Profesional en presencia"},"content":{"rendered":"<p><big>El camino inicial de tres niveles es seguido por otros dos m\u00f3dulos, el IVA y el IVB para convertirse en facilitadores certificados de Transformational Breath\u00ae o para aquellos que simplemente quieren explorar el dominio de su respiraci\u00f3n a\u00fan m\u00e1s en profundidad. Y luego un nivel V para aquellos que quieran convertirse en L\u00edder de Grupo o Entrenador Certificado.<\/big><\/p>\n<p><big><br \/>\n<strong>Workshop introduttivi gratuiti inserite nelle formazioni professionali<\/strong><br \/>\n<\/big><\/p>\n<ul>\n<li><big>Marzo 18 &#8211; \u00a015:00\/17:30 &#8211; workshop con nuovi facilitatori (Livello IVB)<\/big><\/li>\n<li><big>Marzo 19 &#8211; 15:00\/17:00 &#8211; sessioni individuali (Livello IVB)<\/big><\/li>\n<li><big>Maggio 6 &#8211; 15:00\/17:30 &#8211; workshop con nuovi Group Leaders \u00a0(Livello V)<\/big><\/li>\n<li><big>Maggio 28 &#8211; 15:00\/17:30 &#8211; workshop con nuovi facilitatori (Livello IVA)<\/big><\/li>\n<li><big>Agosto 26 &#8211; 15:00\/17:30 &#8211; workshop con nuovi facilitatori (Livello IVB)<\/big><\/li>\n<li><big>Agosto 27 &#8211; 15:00\/17:30 &#8211; workshop con nuovi facilitatori (Livello IVB)<\/big><\/li>\n<\/ul>\n","protected":false},"excerpt":{"rendered":"<p>El camino inicial de tres niveles es seguido por otros dos m\u00f3dulos, el IVA y el IVB para convertirse en facilitadores certificados de Transformational Breath\u00ae o<span class=\"excerpt-hellip\"> [\u2026]<\/span><\/p>\n","protected":false},"author":1,"featured_media":0,"parent":0,"menu_order":0,"comment_status":"closed","ping_status":"closed","template":"","meta":{"footnotes":""},"class_list":["post-752","page","type-page","status-publish","hentry"],"_links":{"self":[{"href":"https:\/\/www.tbitalia.org\/es\/wp-json\/wp\/v2\/pages\/752","targetHints":{"allow":["GET"]}}],"collection":[{"href":"https:\/\/www.tbitalia.org\/es\/wp-json\/wp\/v2\/pages"}],"about":[{"href":"https:\/\/www.tbitalia.org\/es\/wp-json\/wp\/v2\/types\/page"}],"author":[{"embeddable":true,"href":"https:\/\/www.tbitalia.org\/es\/wp-json\/wp\/v2\/users\/1"}],"replies":[{"embeddable":true,"href":"https:\/\/www.tbitalia.org\/es\/wp-json\/wp\/v2\/comments?post=752"}],"version-history":[{"count":4,"href":"https:\/\/www.tbitalia.org\/es\/wp-json\/wp\/v2\/pages\/752\/revisions"}],"predecessor-version":[{"id":1025,"href":"https:\/\/www.tbitalia.org\/es\/wp-json\/wp\/v2\/pages\/752\/revisions\/1025"}],"wp:attachment":[{"href":"https:\/\/www.tbitalia.org\/es\/wp-json\/wp\/v2\/media?parent=752"}],"curies":[{"name":"wp","href":"https:\/\/api.w.org\/{rel}","templated":true}]}}