{"id":756,"date":"2022-05-06T16:05:33","date_gmt":"2022-05-06T14:05:33","guid":{"rendered":"https:\/\/www.tbitalia.org\/?page_id=756"},"modified":"2022-10-13T13:23:59","modified_gmt":"2022-10-13T11:23:59","slug":"circulos-de-respiracion","status":"publish","type":"page","link":"https:\/\/www.tbitalia.org\/es\/circulos-de-respiracion\/","title":{"rendered":"C\u00edrculos de respiraci\u00f3n"},"content":{"rendered":"<p><big>Para quienes ya experimentaron el poder y la eficacia de TB\u00ae es importante seguir practicando para mantener los beneficios y evitar que el sistema respiratorio se vuelva a cerrar. Por esta raz\u00f3n, mensualmente, TBItalia organiza \u00abC\u00edrculos de aliento\u00bb donde es posible facilitar una sesi\u00f3n completa y mantenerse en contacto con la asociaci\u00f3n y los compa\u00f1eros de viaje.<\/big><\/p>\n<p>&nbsp;<\/p>\n<ul>\n<li>4 NOVEMBRE \u2013 CENTRO NIRAYA \u2013 SAN DONATO MILANESE (MI)<\/li>\n<li>17 NOVEMBRE &#8211; CENTRO NIRAYA &#8211; SAN DONATO MILANESE (MI)<\/li>\n<li>2 DICEMBRE &#8211; CARPI<\/li>\n<li>13 GENNAIO, 2023 &#8211; CARPI<\/li>\n<li>03 FEBBRAIO, 2023 &#8211; CARPI<\/li>\n<\/ul>\n","protected":false},"excerpt":{"rendered":"<p>Para quienes ya experimentaron el poder y la eficacia de TB\u00ae es importante seguir practicando para mantener los beneficios y evitar que el sistema respiratorio se<span class=\"excerpt-hellip\"> [\u2026]<\/span><\/p>\n","protected":false},"author":1,"featured_media":0,"parent":0,"menu_order":0,"comment_status":"closed","ping_status":"closed","template":"","meta":{"footnotes":""},"class_list":["post-756","page","type-page","status-publish","hentry"],"_links":{"self":[{"href":"https:\/\/www.tbitalia.org\/es\/wp-json\/wp\/v2\/pages\/756","targetHints":{"allow":["GET"]}}],"collection":[{"href":"https:\/\/www.tbitalia.org\/es\/wp-json\/wp\/v2\/pages"}],"about":[{"href":"https:\/\/www.tbitalia.org\/es\/wp-json\/wp\/v2\/types\/page"}],"author":[{"embeddable":true,"href":"https:\/\/www.tbitalia.org\/es\/wp-json\/wp\/v2\/users\/1"}],"replies":[{"embeddable":true,"href":"https:\/\/www.tbitalia.org\/es\/wp-json\/wp\/v2\/comments?post=756"}],"version-history":[{"count":6,"href":"https:\/\/www.tbitalia.org\/es\/wp-json\/wp\/v2\/pages\/756\/revisions"}],"predecessor-version":[{"id":1011,"href":"https:\/\/www.tbitalia.org\/es\/wp-json\/wp\/v2\/pages\/756\/revisions\/1011"}],"wp:attachment":[{"href":"https:\/\/www.tbitalia.org\/es\/wp-json\/wp\/v2\/media?parent=756"}],"curies":[{"name":"wp","href":"https:\/\/api.w.org\/{rel}","templated":true}]}}