{"id":774,"date":"2022-05-06T16:05:33","date_gmt":"2022-05-06T14:05:33","guid":{"rendered":"https:\/\/www.tbitalia.org\/?page_id=774"},"modified":"2022-05-06T16:59:27","modified_gmt":"2022-05-06T14:59:27","slug":"sesiones-individuales-en-presencia","status":"publish","type":"page","link":"https:\/\/www.tbitalia.org\/es\/sesiones-individuales-en-presencia\/","title":{"rendered":"Sesiones individuales en presencia"},"content":{"rendered":"<p><big>Para sesiones individuales en presencia es posible utilizar nuestros facilitadores, haciendo los arreglos directamente con ellos. Para recibir los contactos de nuestros facilitadores, escriba directamente a nuestra secretar\u00eda a la direcci\u00f3n de correo electr\u00f3nico <a href=\"mailto:segreteria.tbitalia@gmail.com\">segreteria.tbitalia@gmail.com<\/a> o <a href=\"https:\/\/www.tbitalia.org\/es\/contactos\/\"><strong>utilizando el formulario en la p\u00e1gina de Contacto<\/strong><\/a><br \/>\n<\/big><\/p>\n","protected":false},"excerpt":{"rendered":"<p>Para sesiones individuales en presencia es posible utilizar nuestros facilitadores, haciendo los arreglos directamente con ellos. Para recibir los contactos de nuestros facilitadores, escriba directamente a<span class=\"excerpt-hellip\"> [\u2026]<\/span><\/p>\n","protected":false},"author":1,"featured_media":0,"parent":0,"menu_order":0,"comment_status":"closed","ping_status":"closed","template":"","meta":{"footnotes":""},"class_list":["post-774","page","type-page","status-publish","hentry"],"_links":{"self":[{"href":"https:\/\/www.tbitalia.org\/es\/wp-json\/wp\/v2\/pages\/774","targetHints":{"allow":["GET"]}}],"collection":[{"href":"https:\/\/www.tbitalia.org\/es\/wp-json\/wp\/v2\/pages"}],"about":[{"href":"https:\/\/www.tbitalia.org\/es\/wp-json\/wp\/v2\/types\/page"}],"author":[{"embeddable":true,"href":"https:\/\/www.tbitalia.org\/es\/wp-json\/wp\/v2\/users\/1"}],"replies":[{"embeddable":true,"href":"https:\/\/www.tbitalia.org\/es\/wp-json\/wp\/v2\/comments?post=774"}],"version-history":[{"count":4,"href":"https:\/\/www.tbitalia.org\/es\/wp-json\/wp\/v2\/pages\/774\/revisions"}],"predecessor-version":[{"id":956,"href":"https:\/\/www.tbitalia.org\/es\/wp-json\/wp\/v2\/pages\/774\/revisions\/956"}],"wp:attachment":[{"href":"https:\/\/www.tbitalia.org\/es\/wp-json\/wp\/v2\/media?parent=774"}],"curies":[{"name":"wp","href":"https:\/\/api.w.org\/{rel}","templated":true}]}}